{"id":780,"date":"2024-07-17T19:04:50","date_gmt":"2024-07-17T17:04:50","guid":{"rendered":"https:\/\/anolys.fr\/?page_id=780"},"modified":"2024-07-18T16:10:02","modified_gmt":"2024-07-18T14:10:02","slug":"anti-nids-de-guepes-frelons","status":"publish","type":"page","link":"https:\/\/anolys.fr\/index.php\/anti-nids-de-guepes-frelons\/","title":{"rendered":"ANTI NIDS DE GUEPES\/FRELONS"},"content":{"rendered":"\t\t<div data-elementor-type=\"wp-page\" data-elementor-id=\"780\" class=\"elementor elementor-780\">\n\t\t\t\t<div class=\"elementor-element elementor-element-52bdf7a e-flex e-con-boxed e-con e-parent\" data-id=\"52bdf7a\" data-element_type=\"container\" data-e-type=\"container\">\n\t\t\t\t\t<div class=\"e-con-inner\">\n\t\t\t\t<div class=\"elementor-element elementor-element-8f9cfcd elementor-widget elementor-widget-heading\" data-id=\"8f9cfcd\" data-element_type=\"widget\" data-e-type=\"widget\" data-widget_type=\"heading.default\">\n\t\t\t\t<div class=\"elementor-widget-container\">\n\t\t\t\t\t<h2 class=\"elementor-heading-title elementor-size-default\">Traitement contre les gu\u00eapes\/ frelons<\/h2>\t\t\t\t<\/div>\n\t\t\t\t<\/div>\n\t\t\t\t\t<\/div>\n\t\t\t\t<\/div>\n\t\t<div class=\"elementor-element elementor-element-e754ce0 e-flex e-con-boxed e-con e-parent\" data-id=\"e754ce0\" data-element_type=\"container\" data-e-type=\"container\">\n\t\t\t\t\t<div class=\"e-con-inner\">\n\t\t<div class=\"elementor-element elementor-element-405f79b e-con-full e-flex e-con e-child\" data-id=\"405f79b\" data-element_type=\"container\" data-e-type=\"container\">\n\t\t\t\t<div class=\"elementor-element elementor-element-11c6dea elementor-widget elementor-widget-image\" data-id=\"11c6dea\" data-element_type=\"widget\" data-e-type=\"widget\" data-widget_type=\"image.default\">\n\t\t\t\t<div class=\"elementor-widget-container\">\n\t\t\t\t\t\t\t\t\t\t\t\t\t\t\t<img fetchpriority=\"high\" decoding=\"async\" width=\"1024\" height=\"996\" src=\"https:\/\/anolys.fr\/wp-content\/uploads\/2024\/07\/1-1024x996.png\" class=\"attachment-large size-large wp-image-788\" alt=\"\" srcset=\"https:\/\/anolys.fr\/wp-content\/uploads\/2024\/07\/1-1024x996.png 1024w, https:\/\/anolys.fr\/wp-content\/uploads\/2024\/07\/1-300x292.png 300w, https:\/\/anolys.fr\/wp-content\/uploads\/2024\/07\/1-768x747.png 768w, https:\/\/anolys.fr\/wp-content\/uploads\/2024\/07\/1-1536x1493.png 1536w, https:\/\/anolys.fr\/wp-content\/uploads\/2024\/07\/1.png 1587w\" sizes=\"(max-width: 1024px) 100vw, 1024px\" \/>\t\t\t\t\t\t\t\t\t\t\t\t\t\t\t<\/div>\n\t\t\t\t<\/div>\n\t\t\t\t<div class=\"elementor-element elementor-element-2548691 elementor-widget elementor-widget-heading\" data-id=\"2548691\" data-element_type=\"widget\" data-e-type=\"widget\" data-widget_type=\"heading.default\">\n\t\t\t\t<div class=\"elementor-widget-container\">\n\t\t\t\t\t<h2 class=\"elementor-heading-title elementor-size-default\">Pourquoi Faire Appel \u00e0 des Professionnels ?<\/h2>\t\t\t\t<\/div>\n\t\t\t\t<\/div>\n\t\t\t\t<\/div>\n\t\t<div class=\"elementor-element elementor-element-9b931a7 e-con-full e-flex e-con e-child\" data-id=\"9b931a7\" data-element_type=\"container\" data-e-type=\"container\">\n\t\t\t\t<div class=\"elementor-element elementor-element-f3beeca elementor-widget elementor-widget-text-editor\" data-id=\"f3beeca\" data-element_type=\"widget\" data-e-type=\"widget\" data-widget_type=\"text-editor.default\">\n\t\t\t\t<div class=\"elementor-widget-container\">\n\t\t\t\t\t\t\t\t\t<p>Faire face \u00e0 un nid de gu\u00eapes ou de frelons est une t\u00e2che d\u00e9licate et dangereuse.<\/p><p>Une intervention professionnelle est essentielle pour plusieurs raisons :<\/p><ol><li><p><strong>S\u00e9curit\u00e9<\/strong> : Ils peuvent \u00eatre extr\u00eamement agressifs lorsqu&rsquo;ils se sentent menac\u00e9s. Nos techniciens sont \u00e9quip\u00e9s pour \u00e9liminer les risques de piq\u00fbres et garantir la s\u00e9curit\u00e9 de tous.<\/p><\/li><li><p><strong>Efficacit\u00e9<\/strong> : Nos experts utilisent des techniques avanc\u00e9es et des produits sp\u00e9cialis\u00e9s pour assurer l&rsquo;\u00e9limination compl\u00e8te du nid, r\u00e9duisant ainsi le risque de r\u00e9 infestation.<\/p><\/li><li><p><strong>Respect de l&rsquo;Environnement<\/strong> : Nous utilisons des m\u00e9thodes respectueuses de l&rsquo;environnement et veillons \u00e0 ne pas perturber l&rsquo;\u00e9cosyst\u00e8me local.<\/p><\/li><\/ol>\t\t\t\t\t\t\t\t<\/div>\n\t\t\t\t<\/div>\n\t\t\t\t<\/div>\n\t\t\t\t\t<\/div>\n\t\t\t\t<\/div>\n\t\t<div class=\"elementor-element elementor-element-5d952fc e-flex e-con-boxed e-con e-parent\" data-id=\"5d952fc\" data-element_type=\"container\" data-e-type=\"container\">\n\t\t\t\t\t<div class=\"e-con-inner\">\n\t\t\t\t<div class=\"elementor-element elementor-element-791be48 elementor-widget elementor-widget-text-editor\" data-id=\"791be48\" data-element_type=\"widget\" data-e-type=\"widget\" data-widget_type=\"text-editor.default\">\n\t\t\t\t<div class=\"elementor-widget-container\">\n\t\t\t\t\t\t\t\t\t<p><strong>Nos Comp\u00e9tences et Certifications<\/strong><\/p><p>Nos techniciens poss\u00e8dent la certification: Formation\u00a0<a href=\"https:\/\/izipest.com\/formation-guepes-frelons\/\" target=\"_blank\" rel=\"noopener\">CertiGu\u00eapesFrelons<\/a>, attestant de leur expertise et de leur professionnalisme. Cette certification garantit que nous sommes \u00e0 jour avec les derni\u00e8res techniques et les meilleures pratiques en mati\u00e8re de d\u00e9sinsectisation.<\/p>\t\t\t\t\t\t\t\t<\/div>\n\t\t\t\t<\/div>\n\t\t\t\t\t<\/div>\n\t\t\t\t<\/div>\n\t\t<div class=\"elementor-element elementor-element-8372f7e e-flex e-con-boxed e-con e-parent\" data-id=\"8372f7e\" data-element_type=\"container\" data-e-type=\"container\">\n\t\t\t\t\t<div class=\"e-con-inner\">\n\t\t\t\t<div class=\"elementor-element elementor-element-6524087 elementor-widget elementor-widget-image\" data-id=\"6524087\" data-element_type=\"widget\" data-e-type=\"widget\" data-widget_type=\"image.default\">\n\t\t\t\t<div class=\"elementor-widget-container\">\n\t\t\t\t\t\t\t\t\t\t\t\t\t\t\t<img decoding=\"async\" width=\"300\" height=\"300\" src=\"https:\/\/anolys.fr\/wp-content\/uploads\/2024\/07\/2024_CERTI_RVB_Certiguepes_frelons-removebg-preview-300x300.png\" class=\"attachment-medium size-medium wp-image-689\" alt=\"\" srcset=\"https:\/\/anolys.fr\/wp-content\/uploads\/2024\/07\/2024_CERTI_RVB_Certiguepes_frelons-removebg-preview-300x300.png 300w, https:\/\/anolys.fr\/wp-content\/uploads\/2024\/07\/2024_CERTI_RVB_Certiguepes_frelons-removebg-preview-150x150.png 150w, https:\/\/anolys.fr\/wp-content\/uploads\/2024\/07\/2024_CERTI_RVB_Certiguepes_frelons-removebg-preview.png 500w\" sizes=\"(max-width: 300px) 100vw, 300px\" \/>\t\t\t\t\t\t\t\t\t\t\t\t\t\t\t<\/div>\n\t\t\t\t<\/div>\n\t\t\t\t\t<\/div>\n\t\t\t\t<\/div>\n\t\t<div class=\"elementor-element elementor-element-b05e8c8 e-flex e-con-boxed e-con e-parent\" data-id=\"b05e8c8\" data-element_type=\"container\" data-e-type=\"container\">\n\t\t\t\t\t<div class=\"e-con-inner\">\n\t\t<div class=\"elementor-element elementor-element-518ad50 e-con-full e-flex e-con e-child\" data-id=\"518ad50\" data-element_type=\"container\" data-e-type=\"container\">\n\t\t\t\t<div class=\"elementor-element elementor-element-c0ea9f5 elementor-widget elementor-widget-image\" data-id=\"c0ea9f5\" data-element_type=\"widget\" data-e-type=\"widget\" data-widget_type=\"image.default\">\n\t\t\t\t<div class=\"elementor-widget-container\">\n\t\t\t\t\t\t\t\t\t\t\t\t\t\t\t<img decoding=\"async\" width=\"768\" height=\"1024\" src=\"https:\/\/anolys.fr\/wp-content\/uploads\/2024\/07\/unnamed-2-768x1024.jpg\" class=\"attachment-large size-large wp-image-789\" alt=\"\" srcset=\"https:\/\/anolys.fr\/wp-content\/uploads\/2024\/07\/unnamed-2-768x1024.jpg 768w, https:\/\/anolys.fr\/wp-content\/uploads\/2024\/07\/unnamed-2-225x300.jpg 225w, https:\/\/anolys.fr\/wp-content\/uploads\/2024\/07\/unnamed-2-1152x1536.jpg 1152w, https:\/\/anolys.fr\/wp-content\/uploads\/2024\/07\/unnamed-2-1536x2048.jpg 1536w, https:\/\/anolys.fr\/wp-content\/uploads\/2024\/07\/unnamed-2-scaled.jpg 1920w\" sizes=\"(max-width: 768px) 100vw, 768px\" \/>\t\t\t\t\t\t\t\t\t\t\t\t\t\t\t<\/div>\n\t\t\t\t<\/div>\n\t\t\t\t<\/div>\n\t\t<div class=\"elementor-element elementor-element-f8b4883 e-con-full e-flex e-con e-child\" data-id=\"f8b4883\" data-element_type=\"container\" data-e-type=\"container\">\n\t\t<div class=\"elementor-element elementor-element-faa33ea e-con-full e-flex e-con e-child\" data-id=\"faa33ea\" data-element_type=\"container\" data-e-type=\"container\">\n\t\t\t\t<div class=\"elementor-element elementor-element-ddc5e81 elementor-widget elementor-widget-heading\" data-id=\"ddc5e81\" data-element_type=\"widget\" data-e-type=\"widget\" data-widget_type=\"heading.default\">\n\t\t\t\t<div class=\"elementor-widget-container\">\n\t\t\t\t\t<h2 class=\"elementor-heading-title elementor-size-default\"><h2 class=\"elementor-heading-title elementor-size-default elementor-inline-editing pen\" data-elementor-setting-key=\"title\" data-pen-placeholder=\"\u00c9crivez ici...\" style=\"font-size: var(--h2fontsize);font-weight: var( --e-global-typography-primary-font-weight );font-family: var( --e-global-typography-primary-font-family ), Sans-serif;letter-spacing: normal;text-transform: none\">Pourquoi Nous Faire Confiance ?<\/h2><\/h2>\t\t\t\t<\/div>\n\t\t\t\t<\/div>\n\t\t\t\t<\/div>\n\t\t<div class=\"elementor-element elementor-element-174e2e2 e-con-full e-flex e-con e-child\" data-id=\"174e2e2\" data-element_type=\"container\" data-e-type=\"container\">\n\t\t\t\t<div class=\"elementor-element elementor-element-e81b057 elementor-widget elementor-widget-text-editor\" data-id=\"e81b057\" data-element_type=\"widget\" data-e-type=\"widget\" data-widget_type=\"text-editor.default\">\n\t\t\t\t<div class=\"elementor-widget-container\">\n\t\t\t\t\t\t\t\t\t<p>De nombreux clients nous font d\u00e9j\u00e0 confiance pour l\u2019\u00e9limination des nids de gu\u00eapes et frelons. Voici pourquoi :<\/p><ul style=\"padding-left: var(--listpad,0); list-style: var(--liststyle,none);\"><li><strong>Exp\u00e9rience<\/strong>\u00a0: Nous avons des ann\u00e9es d&rsquo;exp\u00e9rience dans la gestion des nuisibles.<\/li><li><strong>R\u00e9sultats Garantis<\/strong>\u00a0: Nous assurons l\u2019\u00e9limination compl\u00e8te du nid.<\/li><li><strong>Service Rapide et Fiable<\/strong>\u00a0: Nous intervenons rapidement pour r\u00e9soudre votre probl\u00e8me.<\/li><\/ul>\t\t\t\t\t\t\t\t<\/div>\n\t\t\t\t<\/div>\n\t\t\t\t<\/div>\n\t\t\t\t<\/div>\n\t\t\t\t\t<\/div>\n\t\t\t\t<\/div>\n\t\t<div class=\"elementor-element elementor-element-dae59e0 e-flex e-con-boxed e-con e-parent\" data-id=\"dae59e0\" data-element_type=\"container\" data-e-type=\"container\">\n\t\t\t\t\t<div class=\"e-con-inner\">\n\t\t<div class=\"elementor-element elementor-element-9a6ebe3 e-con-full e-flex e-con e-child\" data-id=\"9a6ebe3\" data-element_type=\"container\" data-e-type=\"container\">\n\t\t\t\t<div class=\"elementor-element elementor-element-9ae2c5b elementor-widget elementor-widget-heading\" data-id=\"9ae2c5b\" data-element_type=\"widget\" data-e-type=\"widget\" data-widget_type=\"heading.default\">\n\t\t\t\t<div class=\"elementor-widget-container\">\n\t\t\t\t\t<h2 class=\"elementor-heading-title elementor-size-default\">Nos m\u00e9thodes de traitement<\/h2>\t\t\t\t<\/div>\n\t\t\t\t<\/div>\n\t\t\t\t<\/div>\n\t\t<div class=\"elementor-element elementor-element-2d1d7ed e-con-full e-flex e-con e-child\" data-id=\"2d1d7ed\" data-element_type=\"container\" data-e-type=\"container\">\n\t\t\t\t<div class=\"elementor-element elementor-element-e69c908 elementor-widget elementor-widget-text-editor\" data-id=\"e69c908\" data-element_type=\"widget\" data-e-type=\"widget\" data-widget_type=\"text-editor.default\">\n\t\t\t\t<div class=\"elementor-widget-container\">\n\t\t\t\t\t\t\t\t\t<p>Pour traiter les nids de gu\u00eapes et frelons, nous utilisons plusieurs m\u00e9thodes :<\/p><ol><li><p><strong>Perche T\u00e9lescopique:\u00a0<\/strong><span style=\"color: var( --e-global-color-text ); font-family: var( --e-global-typography-text-font-family ), Sans-serif; font-weight: var( --e-global-typography-text-font-weight ); text-align: var(--text-align); background-color: var(--nv-site-bg); font-size: var(--bodyfontsize); letter-spacing: var(--bodyletterspacing); text-transform: var(--bodytexttransform);\">Nous diffusons un produit insecticide directement dans le nid \u00e0 l\u2019aide d\u2019une perche, puis nous retirons le nid en toute s\u00e9curit\u00e9.<\/span><\/p><\/li><li><p><strong>Lanceur de Billes Longue Port\u00e9e<\/strong> : Cette m\u00e9thode permet de projeter des billes insecticides directement dans le nid \u00e0 distance, id\u00e9al pour les nids situ\u00e9s en hauteur ou difficiles d\u2019acc\u00e8s.<\/p><\/li><\/ol>\t\t\t\t\t\t\t\t<\/div>\n\t\t\t\t<\/div>\n\t\t\t\t<\/div>\n\t\t\t\t\t<\/div>\n\t\t\t\t<\/div>\n\t\t<div class=\"elementor-element elementor-element-f6c2e03 e-flex e-con-boxed e-con e-parent\" data-id=\"f6c2e03\" data-element_type=\"container\" data-e-type=\"container\">\n\t\t\t\t\t<div class=\"e-con-inner\">\n\t\t\t\t<div class=\"elementor-element elementor-element-f4ece69 elementor-widget elementor-widget-text-editor\" data-id=\"f4ece69\" data-element_type=\"widget\" data-e-type=\"widget\" data-widget_type=\"text-editor.default\">\n\t\t\t\t<div class=\"elementor-widget-container\">\n\t\t\t\t\t\t\t\t\t<p><strong>Besoin de plus d&rsquo;informations ? D&rsquo;un devis gratuit?<\/strong><\/p><p style=\"text-align: center;\">N&rsquo;h\u00e9sitez pas \u00e0 nous contacter.<\/p>\t\t\t\t\t\t\t\t<\/div>\n\t\t\t\t<\/div>\n\t\t\t\t\t<\/div>\n\t\t\t\t<\/div>\n\t\t<div class=\"elementor-element elementor-element-3dac196 e-flex e-con-boxed e-con e-parent\" data-id=\"3dac196\" data-element_type=\"container\" data-e-type=\"container\">\n\t\t\t\t\t<div class=\"e-con-inner\">\n\t\t\t\t<div class=\"elementor-element elementor-element-4fc2f0a elementor-button-info elementor-align-center elementor-widget elementor-widget-button\" data-id=\"4fc2f0a\" data-element_type=\"widget\" data-e-type=\"widget\" data-widget_type=\"button.default\">\n\t\t\t\t<div class=\"elementor-widget-container\">\n\t\t\t\t\t\t\t\t\t<div class=\"elementor-button-wrapper\">\n\t\t\t\t\t<a class=\"elementor-button elementor-button-link elementor-size-sm\" href=\"https:\/\/anolys.fr\/index.php\/contact-anolys-multiservices\/\" target=\"_blank\">\n\t\t\t\t\t\t<span class=\"elementor-button-content-wrapper\">\n\t\t\t\t\t\t<span class=\"elementor-button-icon\">\n\t\t\t\t<svg aria-hidden=\"true\" class=\"e-font-icon-svg e-fas-phone\" viewBox=\"0 0 512 512\" xmlns=\"http:\/\/www.w3.org\/2000\/svg\"><path d=\"M493.4 24.6l-104-24c-11.3-2.6-22.9 3.3-27.5 13.9l-48 112c-4.2 9.8-1.4 21.3 6.9 28l60.6 49.6c-36 76.7-98.9 140.5-177.2 177.2l-49.6-60.6c-6.8-8.3-18.2-11.1-28-6.9l-112 48C3.9 366.5-2 378.1.6 389.4l24 104C27.1 504.2 36.7 512 48 512c256.1 0 464-207.5 464-464 0-11.2-7.7-20.9-18.6-23.4z\"><\/path><\/svg>\t\t\t<\/span>\n\t\t\t\t\t\t\t\t\t<span class=\"elementor-button-text\">Contact<\/span>\n\t\t\t\t\t<\/span>\n\t\t\t\t\t<\/a>\n\t\t\t\t<\/div>\n\t\t\t\t\t\t\t\t<\/div>\n\t\t\t\t<\/div>\n\t\t\t\t\t<\/div>\n\t\t\t\t<\/div>\n\t\t\t\t<\/div>\n\t\t","protected":false},"excerpt":{"rendered":"<p>Traitement contre les gu\u00eapes\/ frelons Pourquoi Faire Appel \u00e0 des Professionnels ? Faire face \u00e0 un nid de gu\u00eapes ou de frelons est une t\u00e2che d\u00e9licate et dangereuse. Une intervention professionnelle est essentielle pour plusieurs raisons : S\u00e9curit\u00e9 : Ils peuvent \u00eatre extr\u00eamement agressifs lorsqu&rsquo;ils se sentent menac\u00e9s. Nos techniciens sont \u00e9quip\u00e9s pour \u00e9liminer les&hellip;&nbsp;<a href=\"https:\/\/anolys.fr\/index.php\/anti-nids-de-guepes-frelons\/\" rel=\"bookmark\">Lire la suite &raquo;<span class=\"screen-reader-text\">ANTI NIDS DE GUEPES\/FRELONS<\/span><\/a><\/p>\n","protected":false},"author":1,"featured_media":0,"parent":0,"menu_order":0,"comment_status":"closed","ping_status":"closed","template":"page-templates\/template-pagebuilder-full-width.php","meta":{"neve_meta_sidebar":"","neve_meta_container":"","neve_meta_enable_content_width":"","neve_meta_content_width":0,"neve_meta_title_alignment":"","neve_meta_author_avatar":"","neve_post_elements_order":"","neve_meta_disable_header":"","neve_meta_disable_footer":"","neve_meta_disable_title":"","footnotes":""},"class_list":["post-780","page","type-page","status-publish","hentry"],"yoast_head":"<!-- This site is optimized with the Yoast SEO plugin v27.5 - https:\/\/yoast.com\/product\/yoast-seo-wordpress\/ -->\n<title>ANTI NIDS DE GUEPES\/FRELONS - ANOLYS D\u00e9sinsectisation<\/title>\n<meta name=\"description\" content=\"\u00c9liminez efficacement les nids de frelons et gu\u00eapes avec Anolys. Nos techniciens certifi\u00e9s utilisent des m\u00e9thodes s\u00e9curis\u00e9es et respectueuses de l&#039;environnement.\" \/>\n<meta name=\"robots\" content=\"index, follow, max-snippet:-1, max-image-preview:large, max-video-preview:-1\" \/>\n<link rel=\"canonical\" href=\"https:\/\/anolys.fr\/index.php\/anti-nids-de-guepes-frelons\/\" \/>\n<meta property=\"og:locale\" content=\"fr_FR\" \/>\n<meta property=\"og:type\" content=\"article\" \/>\n<meta property=\"og:title\" content=\"ANTI NIDS DE GUEPES\/FRELONS - ANOLYS D\u00e9sinsectisation\" \/>\n<meta property=\"og:description\" content=\"\u00c9liminez efficacement les nids de frelons et gu\u00eapes avec Anolys. Nos techniciens certifi\u00e9s utilisent des m\u00e9thodes s\u00e9curis\u00e9es et respectueuses de l&#039;environnement.\" \/>\n<meta property=\"og:url\" content=\"https:\/\/anolys.fr\/index.php\/anti-nids-de-guepes-frelons\/\" \/>\n<meta property=\"og:site_name\" content=\"ANOLYS\" \/>\n<meta property=\"article:modified_time\" content=\"2024-07-18T14:10:02+00:00\" \/>\n<meta property=\"og:image\" content=\"http:\/\/anolys.fr\/wp-content\/uploads\/2024\/07\/1-1024x996.png\" \/>\n<meta name=\"twitter:card\" content=\"summary_large_image\" \/>\n<meta name=\"twitter:label1\" content=\"Dur\u00e9e de lecture estim\u00e9e\" \/>\n\t<meta name=\"twitter:data1\" content=\"3 minutes\" \/>\n<script type=\"application\/ld+json\" class=\"yoast-schema-graph\">{\"@context\":\"https:\\\/\\\/schema.org\",\"@graph\":[{\"@type\":\"WebPage\",\"@id\":\"https:\\\/\\\/anolys.fr\\\/index.php\\\/anti-nids-de-guepes-frelons\\\/\",\"url\":\"https:\\\/\\\/anolys.fr\\\/index.php\\\/anti-nids-de-guepes-frelons\\\/\",\"name\":\"ANTI NIDS DE GUEPES\\\/FRELONS - ANOLYS D\u00e9sinsectisation\",\"isPartOf\":{\"@id\":\"https:\\\/\\\/anolys.fr\\\/#website\"},\"primaryImageOfPage\":{\"@id\":\"https:\\\/\\\/anolys.fr\\\/index.php\\\/anti-nids-de-guepes-frelons\\\/#primaryimage\"},\"image\":{\"@id\":\"https:\\\/\\\/anolys.fr\\\/index.php\\\/anti-nids-de-guepes-frelons\\\/#primaryimage\"},\"thumbnailUrl\":\"http:\\\/\\\/anolys.fr\\\/wp-content\\\/uploads\\\/2024\\\/07\\\/1-1024x996.png\",\"datePublished\":\"2024-07-17T17:04:50+00:00\",\"dateModified\":\"2024-07-18T14:10:02+00:00\",\"description\":\"\u00c9liminez efficacement les nids de frelons et gu\u00eapes avec Anolys. Nos techniciens certifi\u00e9s utilisent des m\u00e9thodes s\u00e9curis\u00e9es et respectueuses de l'environnement.\",\"breadcrumb\":{\"@id\":\"https:\\\/\\\/anolys.fr\\\/index.php\\\/anti-nids-de-guepes-frelons\\\/#breadcrumb\"},\"inLanguage\":\"fr-FR\",\"potentialAction\":[{\"@type\":\"ReadAction\",\"target\":[\"https:\\\/\\\/anolys.fr\\\/index.php\\\/anti-nids-de-guepes-frelons\\\/\"]}]},{\"@type\":\"ImageObject\",\"inLanguage\":\"fr-FR\",\"@id\":\"https:\\\/\\\/anolys.fr\\\/index.php\\\/anti-nids-de-guepes-frelons\\\/#primaryimage\",\"url\":\"http:\\\/\\\/anolys.fr\\\/wp-content\\\/uploads\\\/2024\\\/07\\\/1-1024x996.png\",\"contentUrl\":\"http:\\\/\\\/anolys.fr\\\/wp-content\\\/uploads\\\/2024\\\/07\\\/1-1024x996.png\"},{\"@type\":\"BreadcrumbList\",\"@id\":\"https:\\\/\\\/anolys.fr\\\/index.php\\\/anti-nids-de-guepes-frelons\\\/#breadcrumb\",\"itemListElement\":[{\"@type\":\"ListItem\",\"position\":1,\"name\":\"Accueil\",\"item\":\"https:\\\/\\\/anolys.fr\\\/\"},{\"@type\":\"ListItem\",\"position\":2,\"name\":\"ANTI NIDS DE GUEPES\\\/FRELONS\"}]},{\"@type\":\"WebSite\",\"@id\":\"https:\\\/\\\/anolys.fr\\\/#website\",\"url\":\"https:\\\/\\\/anolys.fr\\\/\",\"name\":\"ANOLYS MULTISERVICES\",\"description\":\"Anolys Multiservices, votre partenaire pour un environnement sain.\",\"publisher\":{\"@id\":\"https:\\\/\\\/anolys.fr\\\/#organization\"},\"potentialAction\":[{\"@type\":\"SearchAction\",\"target\":{\"@type\":\"EntryPoint\",\"urlTemplate\":\"https:\\\/\\\/anolys.fr\\\/?s={search_term_string}\"},\"query-input\":{\"@type\":\"PropertyValueSpecification\",\"valueRequired\":true,\"valueName\":\"search_term_string\"}}],\"inLanguage\":\"fr-FR\"},{\"@type\":\"Organization\",\"@id\":\"https:\\\/\\\/anolys.fr\\\/#organization\",\"name\":\"ANOLYS MULTISERVICES\",\"url\":\"https:\\\/\\\/anolys.fr\\\/\",\"logo\":{\"@type\":\"ImageObject\",\"inLanguage\":\"fr-FR\",\"@id\":\"https:\\\/\\\/anolys.fr\\\/#\\\/schema\\\/logo\\\/image\\\/\",\"url\":\"https:\\\/\\\/anolys.fr\\\/wp-content\\\/uploads\\\/2023\\\/11\\\/logo-1.jpg\",\"contentUrl\":\"https:\\\/\\\/anolys.fr\\\/wp-content\\\/uploads\\\/2023\\\/11\\\/logo-1.jpg\",\"width\":572,\"height\":447,\"caption\":\"ANOLYS MULTISERVICES\"},\"image\":{\"@id\":\"https:\\\/\\\/anolys.fr\\\/#\\\/schema\\\/logo\\\/image\\\/\"}}]}<\/script>\n<!-- \/ Yoast SEO plugin. -->","yoast_head_json":{"title":"ANTI NIDS DE GUEPES\/FRELONS - ANOLYS D\u00e9sinsectisation","description":"\u00c9liminez efficacement les nids de frelons et gu\u00eapes avec Anolys. Nos techniciens certifi\u00e9s utilisent des m\u00e9thodes s\u00e9curis\u00e9es et respectueuses de l'environnement.","robots":{"index":"index","follow":"follow","max-snippet":"max-snippet:-1","max-image-preview":"max-image-preview:large","max-video-preview":"max-video-preview:-1"},"canonical":"https:\/\/anolys.fr\/index.php\/anti-nids-de-guepes-frelons\/","og_locale":"fr_FR","og_type":"article","og_title":"ANTI NIDS DE GUEPES\/FRELONS - ANOLYS D\u00e9sinsectisation","og_description":"\u00c9liminez efficacement les nids de frelons et gu\u00eapes avec Anolys. Nos techniciens certifi\u00e9s utilisent des m\u00e9thodes s\u00e9curis\u00e9es et respectueuses de l'environnement.","og_url":"https:\/\/anolys.fr\/index.php\/anti-nids-de-guepes-frelons\/","og_site_name":"ANOLYS","article_modified_time":"2024-07-18T14:10:02+00:00","og_image":[{"url":"http:\/\/anolys.fr\/wp-content\/uploads\/2024\/07\/1-1024x996.png","type":"","width":"","height":""}],"twitter_card":"summary_large_image","twitter_misc":{"Dur\u00e9e de lecture estim\u00e9e":"3 minutes"},"schema":{"@context":"https:\/\/schema.org","@graph":[{"@type":"WebPage","@id":"https:\/\/anolys.fr\/index.php\/anti-nids-de-guepes-frelons\/","url":"https:\/\/anolys.fr\/index.php\/anti-nids-de-guepes-frelons\/","name":"ANTI NIDS DE GUEPES\/FRELONS - ANOLYS D\u00e9sinsectisation","isPartOf":{"@id":"https:\/\/anolys.fr\/#website"},"primaryImageOfPage":{"@id":"https:\/\/anolys.fr\/index.php\/anti-nids-de-guepes-frelons\/#primaryimage"},"image":{"@id":"https:\/\/anolys.fr\/index.php\/anti-nids-de-guepes-frelons\/#primaryimage"},"thumbnailUrl":"http:\/\/anolys.fr\/wp-content\/uploads\/2024\/07\/1-1024x996.png","datePublished":"2024-07-17T17:04:50+00:00","dateModified":"2024-07-18T14:10:02+00:00","description":"\u00c9liminez efficacement les nids de frelons et gu\u00eapes avec Anolys. Nos techniciens certifi\u00e9s utilisent des m\u00e9thodes s\u00e9curis\u00e9es et respectueuses de l'environnement.","breadcrumb":{"@id":"https:\/\/anolys.fr\/index.php\/anti-nids-de-guepes-frelons\/#breadcrumb"},"inLanguage":"fr-FR","potentialAction":[{"@type":"ReadAction","target":["https:\/\/anolys.fr\/index.php\/anti-nids-de-guepes-frelons\/"]}]},{"@type":"ImageObject","inLanguage":"fr-FR","@id":"https:\/\/anolys.fr\/index.php\/anti-nids-de-guepes-frelons\/#primaryimage","url":"http:\/\/anolys.fr\/wp-content\/uploads\/2024\/07\/1-1024x996.png","contentUrl":"http:\/\/anolys.fr\/wp-content\/uploads\/2024\/07\/1-1024x996.png"},{"@type":"BreadcrumbList","@id":"https:\/\/anolys.fr\/index.php\/anti-nids-de-guepes-frelons\/#breadcrumb","itemListElement":[{"@type":"ListItem","position":1,"name":"Accueil","item":"https:\/\/anolys.fr\/"},{"@type":"ListItem","position":2,"name":"ANTI NIDS DE GUEPES\/FRELONS"}]},{"@type":"WebSite","@id":"https:\/\/anolys.fr\/#website","url":"https:\/\/anolys.fr\/","name":"ANOLYS MULTISERVICES","description":"Anolys Multiservices, votre partenaire pour un environnement sain.","publisher":{"@id":"https:\/\/anolys.fr\/#organization"},"potentialAction":[{"@type":"SearchAction","target":{"@type":"EntryPoint","urlTemplate":"https:\/\/anolys.fr\/?s={search_term_string}"},"query-input":{"@type":"PropertyValueSpecification","valueRequired":true,"valueName":"search_term_string"}}],"inLanguage":"fr-FR"},{"@type":"Organization","@id":"https:\/\/anolys.fr\/#organization","name":"ANOLYS MULTISERVICES","url":"https:\/\/anolys.fr\/","logo":{"@type":"ImageObject","inLanguage":"fr-FR","@id":"https:\/\/anolys.fr\/#\/schema\/logo\/image\/","url":"https:\/\/anolys.fr\/wp-content\/uploads\/2023\/11\/logo-1.jpg","contentUrl":"https:\/\/anolys.fr\/wp-content\/uploads\/2023\/11\/logo-1.jpg","width":572,"height":447,"caption":"ANOLYS MULTISERVICES"},"image":{"@id":"https:\/\/anolys.fr\/#\/schema\/logo\/image\/"}}]}},"_links":{"self":[{"href":"https:\/\/anolys.fr\/index.php\/wp-json\/wp\/v2\/pages\/780","targetHints":{"allow":["GET"]}}],"collection":[{"href":"https:\/\/anolys.fr\/index.php\/wp-json\/wp\/v2\/pages"}],"about":[{"href":"https:\/\/anolys.fr\/index.php\/wp-json\/wp\/v2\/types\/page"}],"author":[{"embeddable":true,"href":"https:\/\/anolys.fr\/index.php\/wp-json\/wp\/v2\/users\/1"}],"replies":[{"embeddable":true,"href":"https:\/\/anolys.fr\/index.php\/wp-json\/wp\/v2\/comments?post=780"}],"version-history":[{"count":13,"href":"https:\/\/anolys.fr\/index.php\/wp-json\/wp\/v2\/pages\/780\/revisions"}],"predecessor-version":[{"id":808,"href":"https:\/\/anolys.fr\/index.php\/wp-json\/wp\/v2\/pages\/780\/revisions\/808"}],"wp:attachment":[{"href":"https:\/\/anolys.fr\/index.php\/wp-json\/wp\/v2\/media?parent=780"}],"curies":[{"name":"wp","href":"https:\/\/api.w.org\/{rel}","templated":true}]}}