{"id":782,"date":"2024-07-17T18:08:07","date_gmt":"2024-07-17T16:08:07","guid":{"rendered":"https:\/\/anolys.fr\/?page_id=782"},"modified":"2024-07-18T16:07:47","modified_gmt":"2024-07-18T14:07:47","slug":"traitement-punaises-de-lit","status":"publish","type":"page","link":"https:\/\/anolys.fr\/index.php\/traitement-punaises-de-lit\/","title":{"rendered":"TRAITEMENT PUNAISES DE LIT"},"content":{"rendered":"\t\t<div data-elementor-type=\"wp-page\" data-elementor-id=\"782\" class=\"elementor elementor-782\">\n\t\t\t\t<div class=\"elementor-element elementor-element-090ed47 e-flex e-con-boxed e-con e-parent\" data-id=\"090ed47\" data-element_type=\"container\" data-e-type=\"container\">\n\t\t\t\t\t<div class=\"e-con-inner\">\n\t\t\t\t<div class=\"elementor-element elementor-element-2f24934 elementor-widget elementor-widget-heading\" data-id=\"2f24934\" data-element_type=\"widget\" data-e-type=\"widget\" data-widget_type=\"heading.default\">\n\t\t\t\t<div class=\"elementor-widget-container\">\n\t\t\t\t\t<h2 class=\"elementor-heading-title elementor-size-default\">Traitement contre les punaises de lit<\/h2>\t\t\t\t<\/div>\n\t\t\t\t<\/div>\n\t\t\t\t\t<\/div>\n\t\t\t\t<\/div>\n\t\t<div class=\"elementor-element elementor-element-d287500 e-flex e-con-boxed e-con e-parent\" data-id=\"d287500\" data-element_type=\"container\" data-e-type=\"container\">\n\t\t\t\t\t<div class=\"e-con-inner\">\n\t\t<div class=\"elementor-element elementor-element-67277e4 e-con-full e-flex e-con e-child\" data-id=\"67277e4\" data-element_type=\"container\" data-e-type=\"container\">\n\t\t\t\t<div class=\"elementor-element elementor-element-c5ffb55 elementor-widget elementor-widget-image\" data-id=\"c5ffb55\" data-element_type=\"widget\" data-e-type=\"widget\" data-widget_type=\"image.default\">\n\t\t\t\t<div class=\"elementor-widget-container\">\n\t\t\t\t\t\t\t\t\t\t\t\t\t\t\t<img decoding=\"async\" width=\"150\" height=\"150\" src=\"https:\/\/anolys.fr\/wp-content\/uploads\/2024\/07\/Design-sans-titre-e1721309325881-150x150.png\" class=\"attachment-thumbnail size-thumbnail wp-image-810\" alt=\"\" srcset=\"https:\/\/anolys.fr\/wp-content\/uploads\/2024\/07\/Design-sans-titre-e1721309325881-150x150.png 150w, https:\/\/anolys.fr\/wp-content\/uploads\/2024\/07\/Design-sans-titre-e1721309325881-300x297.png 300w\" sizes=\"(max-width: 150px) 100vw, 150px\" \/>\t\t\t\t\t\t\t\t\t\t\t\t\t\t\t<\/div>\n\t\t\t\t<\/div>\n\t\t\t\t<\/div>\n\t\t\t\t<div class=\"elementor-element elementor-element-6d9a30e elementor-widget elementor-widget-heading\" data-id=\"6d9a30e\" data-element_type=\"widget\" data-e-type=\"widget\" data-widget_type=\"heading.default\">\n\t\t\t\t<div class=\"elementor-widget-container\">\n\t\t\t\t\t<h2 class=\"elementor-heading-title elementor-size-default\">Pourquoi choisir Anolys? \n\n<\/h2>\t\t\t\t<\/div>\n\t\t\t\t<\/div>\n\t\t\t\t\t<\/div>\n\t\t\t\t<\/div>\n\t\t<div class=\"elementor-element elementor-element-b450284 e-flex e-con-boxed e-con e-parent\" data-id=\"b450284\" data-element_type=\"container\" data-e-type=\"container\">\n\t\t\t\t\t<div class=\"e-con-inner\">\n\t\t\t\t<div class=\"elementor-element elementor-element-d985872 elementor-widget elementor-widget-text-editor\" data-id=\"d985872\" data-element_type=\"widget\" data-e-type=\"widget\" data-widget_type=\"text-editor.default\">\n\t\t\t\t<div class=\"elementor-widget-container\">\n\t\t\t\t\t\t\t\t\t<p>Chez <strong>Anolys<\/strong>, nous comprenons l&rsquo;importance d&rsquo;une intervention rapide et efficace pour \u00e9liminer les punaises de lit.\u00a0<\/p><p>Voici pourquoi vous pouvez nous faire confiance :<\/p>\t\t\t\t\t\t\t\t<\/div>\n\t\t\t\t<\/div>\n\t\t\t\t\t<\/div>\n\t\t\t\t<\/div>\n\t\t<div class=\"elementor-element elementor-element-436831b e-flex e-con-boxed e-con e-parent\" data-id=\"436831b\" data-element_type=\"container\" data-e-type=\"container\">\n\t\t\t\t\t<div class=\"e-con-inner\">\n\t\t\t\t<div class=\"elementor-element elementor-element-5b746d0 elementor-widget__width-initial elementor-widget elementor-widget-image\" data-id=\"5b746d0\" data-element_type=\"widget\" data-e-type=\"widget\" data-widget_type=\"image.default\">\n\t\t\t\t<div class=\"elementor-widget-container\">\n\t\t\t\t\t\t\t\t\t\t\t\t\t\t\t<img fetchpriority=\"high\" decoding=\"async\" width=\"289\" height=\"400\" src=\"https:\/\/anolys.fr\/wp-content\/uploads\/2024\/07\/certi-punaises-logo-182f8915.png\" class=\"attachment-large size-large wp-image-817\" alt=\"\" srcset=\"https:\/\/anolys.fr\/wp-content\/uploads\/2024\/07\/certi-punaises-logo-182f8915.png 289w, https:\/\/anolys.fr\/wp-content\/uploads\/2024\/07\/certi-punaises-logo-182f8915-217x300.png 217w\" sizes=\"(max-width: 289px) 100vw, 289px\" \/>\t\t\t\t\t\t\t\t\t\t\t\t\t\t\t<\/div>\n\t\t\t\t<\/div>\n\t\t<div class=\"elementor-element elementor-element-f8e1d97 e-con-full e-flex e-con e-child\" data-id=\"f8e1d97\" data-element_type=\"container\" data-e-type=\"container\">\n\t\t\t\t<div class=\"elementor-element elementor-element-26ca7b8 elementor-widget elementor-widget-text-editor\" data-id=\"26ca7b8\" data-element_type=\"widget\" data-e-type=\"widget\" data-widget_type=\"text-editor.default\">\n\t\t\t\t<div class=\"elementor-widget-container\">\n\t\t\t\t\t\t\t\t\t<ul><li><strong>Audits et D\u00e9tection<\/strong> : Nous proposons des audits pour d\u00e9terminer si votre environnement est infest\u00e9 par des punaises de lit. Nos experts inspecteront minutieusement vos locaux pour identifier la pr\u00e9sence de ces nuisibles et vous fourniront un rapport d\u00e9taill\u00e9.<\/li><li><p><strong>Certification Certi Punaises de Lit<\/strong> : Nos techniciens poss\u00e8dent la certification <strong>Certi Punaises de Lit<\/strong>, attestant de leur expertise et de leurs connaissances approfondies sur ces nuisibles. Cette certification garantit que nous utilisons les meilleures pratiques et techniques pour \u00e9radiquer les infestations.<\/p><\/li><li><p><strong>Exp\u00e9rience et Satisfaction Client<\/strong> : Nous avons trait\u00e9 avec succ\u00e8s de nombreux cas d&rsquo;infestations de punaises de lit. Nos clients sont toujours satisfaits de nos prestations et nous nous engageons \u00e0 offrir des r\u00e9sultats durables et efficaces.<\/p><\/li><\/ul>\t\t\t\t\t\t\t\t<\/div>\n\t\t\t\t<\/div>\n\t\t\t\t<\/div>\n\t\t\t\t\t<\/div>\n\t\t\t\t<\/div>\n\t\t<div class=\"elementor-element elementor-element-82e25ea e-flex e-con-boxed e-con e-parent\" data-id=\"82e25ea\" data-element_type=\"container\" data-e-type=\"container\">\n\t\t\t\t\t<div class=\"e-con-inner\">\n\t\t\t\t<div class=\"elementor-element elementor-element-7b0c6f1 elementor-widget elementor-widget-heading\" data-id=\"7b0c6f1\" data-element_type=\"widget\" data-e-type=\"widget\" data-widget_type=\"heading.default\">\n\t\t\t\t<div class=\"elementor-widget-container\">\n\t\t\t\t\t<h2 class=\"elementor-heading-title elementor-size-default\">Nos m\u00e9thodes de traitement<\/h2>\t\t\t\t<\/div>\n\t\t\t\t<\/div>\n\t\t\t\t\t<\/div>\n\t\t\t\t<\/div>\n\t\t<div class=\"elementor-element elementor-element-5bd50a9 e-flex e-con-boxed e-con e-parent\" data-id=\"5bd50a9\" data-element_type=\"container\" data-e-type=\"container\">\n\t\t\t\t\t<div class=\"e-con-inner\">\n\t\t<div class=\"elementor-element elementor-element-1ebbcec e-con-full e-flex e-con e-child\" data-id=\"1ebbcec\" data-element_type=\"container\" data-e-type=\"container\">\n\t\t\t\t<div class=\"elementor-element elementor-element-e902ce8 elementor-widget elementor-widget-text-editor\" data-id=\"e902ce8\" data-element_type=\"widget\" data-e-type=\"widget\" data-widget_type=\"text-editor.default\">\n\t\t\t\t<div class=\"elementor-widget-container\">\n\t\t\t\t\t\t\t\t\t<p>Pour traiter les punaises de lit, nous utilisons des m\u00e9thodes \u00e9prouv\u00e9es et efficaces :<\/p><ul><li><strong>Audit des Lieux<\/strong> : Une \u00e9valuation compl\u00e8te de votre environnement \u00e0 l&rsquo;aide d&rsquo;un dispositif Trudetx ou par une analyse approfondie des lieux pour identifier les zones infest\u00e9es.<\/li><li><strong>Traitement par N\u00e9bullisation<\/strong> : Application de produits biocides sp\u00e9cifiques en n\u00e9bullisation pour \u00e9liminer les punaises de lit \u00e0 tous les stades de leur d\u00e9veloppement.<\/li><li><strong>Traitement \u00e0 la Vapeur<\/strong> : Utilisation de la vapeur pour \u00e9radiquer les punaises de lit et leurs \u0153ufs de mani\u00e8re \u00e9cologique et efficace.<\/li><li><strong>M\u00e9thode de la Pulv\u00e9risation<\/strong> : Pulv\u00e9risation de produits biocides contre les punaises de lit pour une action cibl\u00e9e et durable.<\/li><li><strong>Suivi et Pr\u00e9vention<\/strong> : Apr\u00e8s le traitement initial, nous effectuons un suivi pour nous assurer que l&rsquo;infestation est compl\u00e8tement \u00e9radiqu\u00e9e et vous fournir des conseils de pr\u00e9vention pour \u00e9viter de futures infestations.<\/li><\/ul>\t\t\t\t\t\t\t\t<\/div>\n\t\t\t\t<\/div>\n\t\t\t\t<\/div>\n\t\t<div class=\"elementor-element elementor-element-79c6587 e-con-full e-flex e-con e-child\" data-id=\"79c6587\" data-element_type=\"container\" data-e-type=\"container\">\n\t\t\t\t<div class=\"elementor-element elementor-element-bef6681 elementor-widget elementor-widget-image\" data-id=\"bef6681\" data-element_type=\"widget\" data-e-type=\"widget\" data-widget_type=\"image.default\">\n\t\t\t\t<div class=\"elementor-widget-container\">\n\t\t\t\t\t\t\t\t\t\t\t\t\t\t\t<img decoding=\"async\" width=\"480\" height=\"640\" src=\"https:\/\/anolys.fr\/wp-content\/uploads\/2023\/11\/IMG_0054-1.jpg\" class=\"attachment-large size-large wp-image-51\" alt=\"\" srcset=\"https:\/\/anolys.fr\/wp-content\/uploads\/2023\/11\/IMG_0054-1.jpg 480w, https:\/\/anolys.fr\/wp-content\/uploads\/2023\/11\/IMG_0054-1-225x300.jpg 225w\" sizes=\"(max-width: 480px) 100vw, 480px\" \/>\t\t\t\t\t\t\t\t\t\t\t\t\t\t\t<\/div>\n\t\t\t\t<\/div>\n\t\t\t\t<\/div>\n\t\t\t\t\t<\/div>\n\t\t\t\t<\/div>\n\t\t<div class=\"elementor-element elementor-element-b633376 e-flex e-con-boxed e-con e-parent\" data-id=\"b633376\" data-element_type=\"container\" data-e-type=\"container\">\n\t\t\t\t\t<div class=\"e-con-inner\">\n\t\t\t\t<div class=\"elementor-element elementor-element-08864fb elementor-widget elementor-widget-text-editor\" data-id=\"08864fb\" data-element_type=\"widget\" data-e-type=\"widget\" data-widget_type=\"text-editor.default\">\n\t\t\t\t<div class=\"elementor-widget-container\">\n\t\t\t\t\t\t\t\t\t<p><span style=\"color: #000000;\"><strong>Besoin de plus d&rsquo;informations ? D&rsquo;un audit ou d&rsquo;un devis ?<\/strong><\/span><\/p><p>N&rsquo;h\u00e9sitez pas \u00e0 nous contacter. Nos experts sont pr\u00eats \u00e0 r\u00e9pondre \u00e0 toutes vos questions et \u00e0 vous aider \u00e0 retrouver un environnement sain et sans nuisibles.<\/p>\t\t\t\t\t\t\t\t<\/div>\n\t\t\t\t<\/div>\n\t\t\t\t\t<\/div>\n\t\t\t\t<\/div>\n\t\t<div class=\"elementor-element elementor-element-e8bcbef e-flex e-con-boxed e-con e-parent\" data-id=\"e8bcbef\" data-element_type=\"container\" data-e-type=\"container\">\n\t\t\t\t\t<div class=\"e-con-inner\">\n\t\t\t\t<div class=\"elementor-element elementor-element-ebe27c5 elementor-button-info elementor-align-center elementor-widget elementor-widget-button\" data-id=\"ebe27c5\" data-element_type=\"widget\" data-e-type=\"widget\" data-widget_type=\"button.default\">\n\t\t\t\t<div class=\"elementor-widget-container\">\n\t\t\t\t\t\t\t\t\t<div class=\"elementor-button-wrapper\">\n\t\t\t\t\t<a class=\"elementor-button elementor-button-link elementor-size-sm\" href=\"https:\/\/anolys.fr\/index.php\/contact-anolys-multiservices\/\" target=\"_blank\">\n\t\t\t\t\t\t<span class=\"elementor-button-content-wrapper\">\n\t\t\t\t\t\t<span class=\"elementor-button-icon\">\n\t\t\t\t<svg aria-hidden=\"true\" class=\"e-font-icon-svg e-fas-phone\" viewBox=\"0 0 512 512\" xmlns=\"http:\/\/www.w3.org\/2000\/svg\"><path d=\"M493.4 24.6l-104-24c-11.3-2.6-22.9 3.3-27.5 13.9l-48 112c-4.2 9.8-1.4 21.3 6.9 28l60.6 49.6c-36 76.7-98.9 140.5-177.2 177.2l-49.6-60.6c-6.8-8.3-18.2-11.1-28-6.9l-112 48C3.9 366.5-2 378.1.6 389.4l24 104C27.1 504.2 36.7 512 48 512c256.1 0 464-207.5 464-464 0-11.2-7.7-20.9-18.6-23.4z\"><\/path><\/svg>\t\t\t<\/span>\n\t\t\t\t\t\t\t\t\t<span class=\"elementor-button-text\">Contact <\/span>\n\t\t\t\t\t<\/span>\n\t\t\t\t\t<\/a>\n\t\t\t\t<\/div>\n\t\t\t\t\t\t\t\t<\/div>\n\t\t\t\t<\/div>\n\t\t\t\t\t<\/div>\n\t\t\t\t<\/div>\n\t\t<div class=\"elementor-element elementor-element-a23dab7 e-flex e-con-boxed e-con e-parent\" data-id=\"a23dab7\" data-element_type=\"container\" data-e-type=\"container\">\n\t\t\t\t\t<div class=\"e-con-inner\">\n\t\t\t\t<div class=\"elementor-element elementor-element-65e3312 elementor-widget elementor-widget-image\" data-id=\"65e3312\" data-element_type=\"widget\" data-e-type=\"widget\" data-widget_type=\"image.default\">\n\t\t\t\t<div class=\"elementor-widget-container\">\n\t\t\t\t\t\t\t\t\t\t\t\t\t\t\t<img loading=\"lazy\" decoding=\"async\" width=\"300\" height=\"75\" src=\"https:\/\/anolys.fr\/wp-content\/uploads\/2023\/11\/image-3-1-300x75.png\" class=\"attachment-medium size-medium wp-image-70\" alt=\"\" srcset=\"https:\/\/anolys.fr\/wp-content\/uploads\/2023\/11\/image-3-1-300x75.png 300w, https:\/\/anolys.fr\/wp-content\/uploads\/2023\/11\/image-3-1.png 603w\" sizes=\"(max-width: 300px) 100vw, 300px\" \/>\t\t\t\t\t\t\t\t\t\t\t\t\t\t\t<\/div>\n\t\t\t\t<\/div>\n\t\t\t\t\t<\/div>\n\t\t\t\t<\/div>\n\t\t<div class=\"elementor-element elementor-element-f7f561b e-flex e-con-boxed e-con e-parent\" data-id=\"f7f561b\" data-element_type=\"container\" data-e-type=\"container\">\n\t\t\t\t\t<div class=\"e-con-inner\">\n\t\t\t\t<div class=\"elementor-element elementor-element-e25a572 elementor-widget elementor-widget-image\" data-id=\"e25a572\" data-element_type=\"widget\" data-e-type=\"widget\" data-widget_type=\"image.default\">\n\t\t\t\t<div class=\"elementor-widget-container\">\n\t\t\t\t\t\t\t\t\t\t\t\t\t\t\t<img loading=\"lazy\" decoding=\"async\" width=\"150\" height=\"150\" src=\"https:\/\/anolys.fr\/wp-content\/uploads\/2023\/11\/logo-comite-cs3d-150x150-1.png\" class=\"attachment-large size-large wp-image-106\" alt=\"\" \/>\t\t\t\t\t\t\t\t\t\t\t\t\t\t\t<\/div>\n\t\t\t\t<\/div>\n\t\t\t\t\t<\/div>\n\t\t\t\t<\/div>\n\t\t<div class=\"elementor-element elementor-element-67b505e e-flex e-con-boxed e-con e-parent\" data-id=\"67b505e\" data-element_type=\"container\" data-e-type=\"container\">\n\t\t\t\t\t<div class=\"e-con-inner\">\n\t\t\t\t<div class=\"elementor-element elementor-element-6b61268 elementor-widget elementor-widget-image\" data-id=\"6b61268\" data-element_type=\"widget\" data-e-type=\"widget\" data-widget_type=\"image.default\">\n\t\t\t\t<div class=\"elementor-widget-container\">\n\t\t\t\t\t\t\t\t\t\t\t\t\t\t\t<img loading=\"lazy\" decoding=\"async\" width=\"300\" height=\"199\" src=\"https:\/\/anolys.fr\/wp-content\/uploads\/2023\/11\/agrement-ministere-1-300x199.png\" class=\"attachment-medium size-medium wp-image-177\" alt=\"\" srcset=\"https:\/\/anolys.fr\/wp-content\/uploads\/2023\/11\/agrement-ministere-1-300x199.png 300w, https:\/\/anolys.fr\/wp-content\/uploads\/2023\/11\/agrement-ministere-1-1024x679.png 1024w, https:\/\/anolys.fr\/wp-content\/uploads\/2023\/11\/agrement-ministere-1-768x509.png 768w, https:\/\/anolys.fr\/wp-content\/uploads\/2023\/11\/agrement-ministere-1-930x620.png 930w, https:\/\/anolys.fr\/wp-content\/uploads\/2023\/11\/agrement-ministere-1.png 1094w\" sizes=\"(max-width: 300px) 100vw, 300px\" \/>\t\t\t\t\t\t\t\t\t\t\t\t\t\t\t<\/div>\n\t\t\t\t<\/div>\n\t\t\t\t\t<\/div>\n\t\t\t\t<\/div>\n\t\t\t\t<\/div>\n\t\t","protected":false},"excerpt":{"rendered":"<p>Traitement contre les punaises de lit Pourquoi choisir Anolys? Chez Anolys, nous comprenons l&rsquo;importance d&rsquo;une intervention rapide et efficace pour \u00e9liminer les punaises de lit.\u00a0 Voici pourquoi vous pouvez nous faire confiance : Audits et D\u00e9tection : Nous proposons des audits pour d\u00e9terminer si votre environnement est infest\u00e9 par des punaises de lit. Nos experts&hellip;&nbsp;<a href=\"https:\/\/anolys.fr\/index.php\/traitement-punaises-de-lit\/\" rel=\"bookmark\">Lire la suite &raquo;<span class=\"screen-reader-text\">TRAITEMENT PUNAISES DE LIT<\/span><\/a><\/p>\n","protected":false},"author":1,"featured_media":0,"parent":0,"menu_order":0,"comment_status":"closed","ping_status":"closed","template":"page-templates\/template-pagebuilder-full-width.php","meta":{"neve_meta_sidebar":"","neve_meta_container":"","neve_meta_enable_content_width":"","neve_meta_content_width":0,"neve_meta_title_alignment":"","neve_meta_author_avatar":"","neve_post_elements_order":"","neve_meta_disable_header":"","neve_meta_disable_footer":"","neve_meta_disable_title":"","footnotes":""},"class_list":["post-782","page","type-page","status-publish","hentry"],"yoast_head":"<!-- This site is optimized with the Yoast SEO plugin v27.5 - https:\/\/yoast.com\/product\/yoast-seo-wordpress\/ -->\n<title>ANOLYS Traitement contre les punaises de lit - ANOLYSD\u00e9sinsectisation<\/title>\n<meta name=\"description\" content=\"\u00c9radication efficace des punaises de lit. Nous sommes sp\u00e9cialis\u00e9s dans l&#039;\u00e9radication des punaises de lit. Nous garantissons un traitement efficace et durables contre ces nuisibles.\" \/>\n<meta name=\"robots\" content=\"index, follow, max-snippet:-1, max-image-preview:large, max-video-preview:-1\" \/>\n<link rel=\"canonical\" href=\"https:\/\/anolys.fr\/index.php\/traitement-punaises-de-lit\/\" \/>\n<meta property=\"og:locale\" content=\"fr_FR\" \/>\n<meta property=\"og:type\" content=\"article\" \/>\n<meta property=\"og:title\" content=\"ANOLYS Traitement contre les punaises de lit - ANOLYSD\u00e9sinsectisation\" \/>\n<meta property=\"og:description\" content=\"\u00c9radication efficace des punaises de lit. Nous sommes sp\u00e9cialis\u00e9s dans l&#039;\u00e9radication des punaises de lit. Nous garantissons un traitement efficace et durables contre ces nuisibles.\" \/>\n<meta property=\"og:url\" content=\"https:\/\/anolys.fr\/index.php\/traitement-punaises-de-lit\/\" \/>\n<meta property=\"og:site_name\" content=\"ANOLYS\" \/>\n<meta property=\"article:modified_time\" content=\"2024-07-18T14:07:47+00:00\" \/>\n<meta property=\"og:image\" content=\"http:\/\/anolys.fr\/wp-content\/uploads\/2024\/07\/Design-sans-titre-e1721309325881-150x150.png\" \/>\n<meta name=\"twitter:card\" content=\"summary_large_image\" \/>\n<meta name=\"twitter:label1\" content=\"Dur\u00e9e de lecture estim\u00e9e\" \/>\n\t<meta name=\"twitter:data1\" content=\"3 minutes\" \/>\n<script type=\"application\/ld+json\" class=\"yoast-schema-graph\">{\"@context\":\"https:\\\/\\\/schema.org\",\"@graph\":[{\"@type\":\"WebPage\",\"@id\":\"https:\\\/\\\/anolys.fr\\\/index.php\\\/traitement-punaises-de-lit\\\/\",\"url\":\"https:\\\/\\\/anolys.fr\\\/index.php\\\/traitement-punaises-de-lit\\\/\",\"name\":\"ANOLYS Traitement contre les punaises de lit - ANOLYSD\u00e9sinsectisation\",\"isPartOf\":{\"@id\":\"https:\\\/\\\/anolys.fr\\\/#website\"},\"primaryImageOfPage\":{\"@id\":\"https:\\\/\\\/anolys.fr\\\/index.php\\\/traitement-punaises-de-lit\\\/#primaryimage\"},\"image\":{\"@id\":\"https:\\\/\\\/anolys.fr\\\/index.php\\\/traitement-punaises-de-lit\\\/#primaryimage\"},\"thumbnailUrl\":\"http:\\\/\\\/anolys.fr\\\/wp-content\\\/uploads\\\/2024\\\/07\\\/Design-sans-titre-e1721309325881-150x150.png\",\"datePublished\":\"2024-07-17T16:08:07+00:00\",\"dateModified\":\"2024-07-18T14:07:47+00:00\",\"description\":\"\u00c9radication efficace des punaises de lit. Nous sommes sp\u00e9cialis\u00e9s dans l'\u00e9radication des punaises de lit. Nous garantissons un traitement efficace et durables contre ces nuisibles.\",\"breadcrumb\":{\"@id\":\"https:\\\/\\\/anolys.fr\\\/index.php\\\/traitement-punaises-de-lit\\\/#breadcrumb\"},\"inLanguage\":\"fr-FR\",\"potentialAction\":[{\"@type\":\"ReadAction\",\"target\":[\"https:\\\/\\\/anolys.fr\\\/index.php\\\/traitement-punaises-de-lit\\\/\"]}]},{\"@type\":\"ImageObject\",\"inLanguage\":\"fr-FR\",\"@id\":\"https:\\\/\\\/anolys.fr\\\/index.php\\\/traitement-punaises-de-lit\\\/#primaryimage\",\"url\":\"http:\\\/\\\/anolys.fr\\\/wp-content\\\/uploads\\\/2024\\\/07\\\/Design-sans-titre-e1721309325881-150x150.png\",\"contentUrl\":\"http:\\\/\\\/anolys.fr\\\/wp-content\\\/uploads\\\/2024\\\/07\\\/Design-sans-titre-e1721309325881-150x150.png\"},{\"@type\":\"BreadcrumbList\",\"@id\":\"https:\\\/\\\/anolys.fr\\\/index.php\\\/traitement-punaises-de-lit\\\/#breadcrumb\",\"itemListElement\":[{\"@type\":\"ListItem\",\"position\":1,\"name\":\"Accueil\",\"item\":\"https:\\\/\\\/anolys.fr\\\/\"},{\"@type\":\"ListItem\",\"position\":2,\"name\":\"TRAITEMENT PUNAISES DE LIT\"}]},{\"@type\":\"WebSite\",\"@id\":\"https:\\\/\\\/anolys.fr\\\/#website\",\"url\":\"https:\\\/\\\/anolys.fr\\\/\",\"name\":\"ANOLYS MULTISERVICES\",\"description\":\"Anolys Multiservices, votre partenaire pour un environnement sain.\",\"publisher\":{\"@id\":\"https:\\\/\\\/anolys.fr\\\/#organization\"},\"potentialAction\":[{\"@type\":\"SearchAction\",\"target\":{\"@type\":\"EntryPoint\",\"urlTemplate\":\"https:\\\/\\\/anolys.fr\\\/?s={search_term_string}\"},\"query-input\":{\"@type\":\"PropertyValueSpecification\",\"valueRequired\":true,\"valueName\":\"search_term_string\"}}],\"inLanguage\":\"fr-FR\"},{\"@type\":\"Organization\",\"@id\":\"https:\\\/\\\/anolys.fr\\\/#organization\",\"name\":\"ANOLYS MULTISERVICES\",\"url\":\"https:\\\/\\\/anolys.fr\\\/\",\"logo\":{\"@type\":\"ImageObject\",\"inLanguage\":\"fr-FR\",\"@id\":\"https:\\\/\\\/anolys.fr\\\/#\\\/schema\\\/logo\\\/image\\\/\",\"url\":\"https:\\\/\\\/anolys.fr\\\/wp-content\\\/uploads\\\/2023\\\/11\\\/logo-1.jpg\",\"contentUrl\":\"https:\\\/\\\/anolys.fr\\\/wp-content\\\/uploads\\\/2023\\\/11\\\/logo-1.jpg\",\"width\":572,\"height\":447,\"caption\":\"ANOLYS MULTISERVICES\"},\"image\":{\"@id\":\"https:\\\/\\\/anolys.fr\\\/#\\\/schema\\\/logo\\\/image\\\/\"}}]}<\/script>\n<!-- \/ Yoast SEO plugin. -->","yoast_head_json":{"title":"ANOLYS Traitement contre les punaises de lit - ANOLYSD\u00e9sinsectisation","description":"\u00c9radication efficace des punaises de lit. Nous sommes sp\u00e9cialis\u00e9s dans l'\u00e9radication des punaises de lit. Nous garantissons un traitement efficace et durables contre ces nuisibles.","robots":{"index":"index","follow":"follow","max-snippet":"max-snippet:-1","max-image-preview":"max-image-preview:large","max-video-preview":"max-video-preview:-1"},"canonical":"https:\/\/anolys.fr\/index.php\/traitement-punaises-de-lit\/","og_locale":"fr_FR","og_type":"article","og_title":"ANOLYS Traitement contre les punaises de lit - ANOLYSD\u00e9sinsectisation","og_description":"\u00c9radication efficace des punaises de lit. Nous sommes sp\u00e9cialis\u00e9s dans l'\u00e9radication des punaises de lit. Nous garantissons un traitement efficace et durables contre ces nuisibles.","og_url":"https:\/\/anolys.fr\/index.php\/traitement-punaises-de-lit\/","og_site_name":"ANOLYS","article_modified_time":"2024-07-18T14:07:47+00:00","og_image":[{"url":"http:\/\/anolys.fr\/wp-content\/uploads\/2024\/07\/Design-sans-titre-e1721309325881-150x150.png","type":"","width":"","height":""}],"twitter_card":"summary_large_image","twitter_misc":{"Dur\u00e9e de lecture estim\u00e9e":"3 minutes"},"schema":{"@context":"https:\/\/schema.org","@graph":[{"@type":"WebPage","@id":"https:\/\/anolys.fr\/index.php\/traitement-punaises-de-lit\/","url":"https:\/\/anolys.fr\/index.php\/traitement-punaises-de-lit\/","name":"ANOLYS Traitement contre les punaises de lit - ANOLYSD\u00e9sinsectisation","isPartOf":{"@id":"https:\/\/anolys.fr\/#website"},"primaryImageOfPage":{"@id":"https:\/\/anolys.fr\/index.php\/traitement-punaises-de-lit\/#primaryimage"},"image":{"@id":"https:\/\/anolys.fr\/index.php\/traitement-punaises-de-lit\/#primaryimage"},"thumbnailUrl":"http:\/\/anolys.fr\/wp-content\/uploads\/2024\/07\/Design-sans-titre-e1721309325881-150x150.png","datePublished":"2024-07-17T16:08:07+00:00","dateModified":"2024-07-18T14:07:47+00:00","description":"\u00c9radication efficace des punaises de lit. Nous sommes sp\u00e9cialis\u00e9s dans l'\u00e9radication des punaises de lit. Nous garantissons un traitement efficace et durables contre ces nuisibles.","breadcrumb":{"@id":"https:\/\/anolys.fr\/index.php\/traitement-punaises-de-lit\/#breadcrumb"},"inLanguage":"fr-FR","potentialAction":[{"@type":"ReadAction","target":["https:\/\/anolys.fr\/index.php\/traitement-punaises-de-lit\/"]}]},{"@type":"ImageObject","inLanguage":"fr-FR","@id":"https:\/\/anolys.fr\/index.php\/traitement-punaises-de-lit\/#primaryimage","url":"http:\/\/anolys.fr\/wp-content\/uploads\/2024\/07\/Design-sans-titre-e1721309325881-150x150.png","contentUrl":"http:\/\/anolys.fr\/wp-content\/uploads\/2024\/07\/Design-sans-titre-e1721309325881-150x150.png"},{"@type":"BreadcrumbList","@id":"https:\/\/anolys.fr\/index.php\/traitement-punaises-de-lit\/#breadcrumb","itemListElement":[{"@type":"ListItem","position":1,"name":"Accueil","item":"https:\/\/anolys.fr\/"},{"@type":"ListItem","position":2,"name":"TRAITEMENT PUNAISES DE LIT"}]},{"@type":"WebSite","@id":"https:\/\/anolys.fr\/#website","url":"https:\/\/anolys.fr\/","name":"ANOLYS MULTISERVICES","description":"Anolys Multiservices, votre partenaire pour un environnement sain.","publisher":{"@id":"https:\/\/anolys.fr\/#organization"},"potentialAction":[{"@type":"SearchAction","target":{"@type":"EntryPoint","urlTemplate":"https:\/\/anolys.fr\/?s={search_term_string}"},"query-input":{"@type":"PropertyValueSpecification","valueRequired":true,"valueName":"search_term_string"}}],"inLanguage":"fr-FR"},{"@type":"Organization","@id":"https:\/\/anolys.fr\/#organization","name":"ANOLYS MULTISERVICES","url":"https:\/\/anolys.fr\/","logo":{"@type":"ImageObject","inLanguage":"fr-FR","@id":"https:\/\/anolys.fr\/#\/schema\/logo\/image\/","url":"https:\/\/anolys.fr\/wp-content\/uploads\/2023\/11\/logo-1.jpg","contentUrl":"https:\/\/anolys.fr\/wp-content\/uploads\/2023\/11\/logo-1.jpg","width":572,"height":447,"caption":"ANOLYS MULTISERVICES"},"image":{"@id":"https:\/\/anolys.fr\/#\/schema\/logo\/image\/"}}]}},"_links":{"self":[{"href":"https:\/\/anolys.fr\/index.php\/wp-json\/wp\/v2\/pages\/782","targetHints":{"allow":["GET"]}}],"collection":[{"href":"https:\/\/anolys.fr\/index.php\/wp-json\/wp\/v2\/pages"}],"about":[{"href":"https:\/\/anolys.fr\/index.php\/wp-json\/wp\/v2\/types\/page"}],"author":[{"embeddable":true,"href":"https:\/\/anolys.fr\/index.php\/wp-json\/wp\/v2\/users\/1"}],"replies":[{"embeddable":true,"href":"https:\/\/anolys.fr\/index.php\/wp-json\/wp\/v2\/comments?post=782"}],"version-history":[{"count":12,"href":"https:\/\/anolys.fr\/index.php\/wp-json\/wp\/v2\/pages\/782\/revisions"}],"predecessor-version":[{"id":820,"href":"https:\/\/anolys.fr\/index.php\/wp-json\/wp\/v2\/pages\/782\/revisions\/820"}],"wp:attachment":[{"href":"https:\/\/anolys.fr\/index.php\/wp-json\/wp\/v2\/media?parent=782"}],"curies":[{"name":"wp","href":"https:\/\/api.w.org\/{rel}","templated":true}]}}